{"id":14,"date":"2020-06-11T14:40:37","date_gmt":"2020-06-11T14:40:37","guid":{"rendered":"http:\/\/denkpulver.org\/?page_id=14"},"modified":"2025-01-13T13:35:45","modified_gmt":"2025-01-13T13:35:45","slug":"startseite","status":"publish","type":"page","link":"https:\/\/denkpulver.org\/","title":{"rendered":""},"content":{"rendered":"\n<h2 class=\"wp-block-heading has-vivid-red-color has-text-color\" style=\"font-size:42px\">Zweierlei kreist in meinem Kopf<\/h2>\n\n\n\n<p><\/p>\n\n\n\n<div class=\"wp-block-columns is-layout-flex wp-container-core-columns-is-layout-9d6595d7 wp-block-columns-is-layout-flex\">\n<div class=\"wp-block-column is-layout-flow wp-block-column-is-layout-flow\" style=\"flex-basis:100%\">\n<h2 class=\"wp-block-heading has-text-color\" style=\"color:#01356a;font-size:24px\"><br> <a href=\"https:\/\/denkpulver.org\/?page_id=10\"><strong>Gestaltung f\u00fcr Gedrucktes und f\u00fcrs Internet<\/strong><\/a><\/h2>\n<\/div>\n<\/div>\n\n\n\n<p class=\"has-text-color has-link-color wp-elements-6fae7af75b3055131fdc6bc7336d9038\" style=\"color:#01356a\"><strong>Logos, Plakate, Brosch\u00fcren, Flyer<\/strong><\/p>\n\n\n<div class=\"pgc-sgb-cb wp-block-pgcsimplygalleryblock-grid \" data-gallery-id=\"75038406\"><div class=\"sgb-preloader\" id=\"pr_75038406\">\n\t<div class=\"sgb-square\" style=\"background:#d4d4d4\"><\/div>\n\t<div class=\"sgb-square\" style=\"background:#d4d4d4\"><\/div>\n\t<div class=\"sgb-square\" style=\"background:#d4d4d4\"><\/div>\n\t<div class=\"sgb-square\" style=\"background:#d4d4d4\"><\/div><\/div><div class=\"simply-gallery-amp pgc_sgb_slider \"><noscript><div class=\"sgb-gallery\"><div class=\"sgb-item\"><a href=\"https:\/\/denkpulver.org\/?attachment_id=574\" target=\"_blank\"><img decoding=\"async\" alt=\"\" width=\"200\" height=\"200\" loading=\"lazy\" src=\"http:\/\/denkpulver.org\/wp-content\/uploads\/2025\/01\/Sharepic-200x200.png\" srcset=\"http:\/\/denkpulver.org\/wp-content\/uploads\/2025\/01\/Sharepic-200x200.png 200w,http:\/\/denkpulver.org\/wp-content\/uploads\/2025\/01\/Sharepic-800x800.png 800w,http:\/\/denkpulver.org\/wp-content\/uploads\/2025\/01\/Sharepic.png 1000w\" sizes=\"auto, 250px\"\/><\/a><\/div><div class=\"sgb-item\"><a href=\"https:\/\/denkpulver.org\/?attachment_id=492\" target=\"_blank\"><img decoding=\"async\" alt=\"\" width=\"198\" height=\"200\" loading=\"lazy\" src=\"http:\/\/denkpulver.org\/wp-content\/uploads\/2024\/12\/raumb-logo-scaled-e1734521724433-198x200.jpg\" srcset=\"http:\/\/denkpulver.org\/wp-content\/uploads\/2024\/12\/raumb-logo-scaled-e1734521724433-198x200.jpg 198w,http:\/\/denkpulver.org\/wp-content\/uploads\/2024\/12\/raumb-logo-scaled-e1734521724433-791x800.jpg 791w,http:\/\/denkpulver.org\/wp-content\/uploads\/2024\/12\/raumb-logo-scaled-e1734521724433.jpg 1033w\" sizes=\"auto, 250px\"\/><\/a><div class=\"sgb-item-caption\"><em>Physiotherapie-Praxis<\/em><\/div><\/div><div class=\"sgb-item\"><a href=\"https:\/\/denkpulver.org\/?attachment_id=36\" target=\"_blank\"><img decoding=\"async\" alt=\"\" width=\"232\" height=\"300\" loading=\"lazy\" src=\"http:\/\/denkpulver.org\/wp-content\/uploads\/2020\/06\/Folder-planet-1-232x300.png\" srcset=\"http:\/\/denkpulver.org\/wp-content\/uploads\/2020\/06\/Folder-planet-1-232x300.png 232w,http:\/\/denkpulver.org\/wp-content\/uploads\/2020\/06\/Folder-planet-1-792x1024.png 792w,http:\/\/denkpulver.org\/wp-content\/uploads\/2020\/06\/Folder-planet-1.png 796w\" sizes=\"auto, 250px\"\/><\/a><\/div><\/div><\/noscript><\/div><script type=\"application\/json\" class=\"sgb-data\">{\"collectionColumns\":5,\"captions\":false,\"galleryType\":\"pgc_sgb_grid\",\"galleryId\":\"75038406\",\"images\":[{\"id\":574,\"title\":\"Sharepic\",\"url\":\"http:\/\/denkpulver.org\/wp-content\/uploads\/2025\/01\/Sharepic.png\",\"link\":\"https:\/\/denkpulver.org\/?attachment_id=574\",\"alt\":\"\",\"description\":\"\",\"caption\":\"\",\"mime\":\"image\/png\",\"type\":\"image\",\"width\":1000,\"height\":1000,\"sizes\":{\"thumbnail\":{\"height\":150,\"width\":150,\"url\":\"http:\/\/denkpulver.org\/wp-content\/uploads\/2025\/01\/Sharepic-150x150.png\",\"orientation\":\"landscape\"},\"medium\":{\"height\":200,\"width\":200,\"url\":\"http:\/\/denkpulver.org\/wp-content\/uploads\/2025\/01\/Sharepic-200x200.png\",\"orientation\":\"landscape\"},\"large\":{\"height\":800,\"width\":800,\"url\":\"http:\/\/denkpulver.org\/wp-content\/uploads\/2025\/01\/Sharepic-800x800.png\",\"orientation\":\"landscape\"},\"full\":{\"url\":\"http:\/\/denkpulver.org\/wp-content\/uploads\/2025\/01\/Sharepic.png\",\"height\":1000,\"width\":1000,\"orientation\":\"landscape\"}},\"imageMeta\":{\"aperture\":\"0\",\"credit\":\"\",\"camera\":\"\",\"caption\":\"\",\"created_timestamp\":\"0\",\"copyright\":\"\",\"focal_length\":\"0\",\"iso\":\"0\",\"shutter_speed\":\"0\",\"title\":\"\",\"orientation\":\"0\",\"keywords\":[]},\"meta\":false,\"postlink\":\"https:\/\/denkpulver.org\/?attachment_id=574\"},{\"id\":492,\"title\":\"raumb-logo\",\"url\":\"http:\/\/denkpulver.org\/wp-content\/uploads\/2024\/12\/raumb-logo-scaled-e1734521724433.jpg\",\"link\":\"https:\/\/denkpulver.org\/?attachment_id=492\",\"alt\":\"\",\"description\":\"\",\"caption\":\"Physiotherapie-Praxis\",\"mime\":\"image\/jpeg\",\"type\":\"image\",\"width\":1033,\"height\":1045,\"sizes\":{\"thumbnail\":{\"height\":150,\"width\":150,\"url\":\"http:\/\/denkpulver.org\/wp-content\/uploads\/2024\/12\/raumb-logo-scaled-e1734521724433-150x150.jpg\",\"orientation\":\"landscape\"},\"medium\":{\"height\":200,\"width\":198,\"url\":\"http:\/\/denkpulver.org\/wp-content\/uploads\/2024\/12\/raumb-logo-scaled-e1734521724433-198x200.jpg\",\"orientation\":\"portrait\"},\"large\":{\"height\":800,\"width\":791,\"url\":\"http:\/\/denkpulver.org\/wp-content\/uploads\/2024\/12\/raumb-logo-scaled-e1734521724433-791x800.jpg\",\"orientation\":\"portrait\"},\"full\":{\"url\":\"http:\/\/denkpulver.org\/wp-content\/uploads\/2024\/12\/raumb-logo-scaled-e1734521724433.jpg\",\"height\":1045,\"width\":1033,\"orientation\":\"portrait\"}},\"imageMeta\":{\"aperture\":\"0\",\"credit\":\"\",\"camera\":\"\",\"caption\":\"\",\"created_timestamp\":\"0\",\"copyright\":\"\",\"focal_length\":\"0\",\"iso\":\"0\",\"shutter_speed\":\"0\",\"title\":\"\",\"orientation\":\"0\",\"keywords\":[]},\"meta\":false,\"postlink\":\"https:\/\/denkpulver.org\/?attachment_id=492\"},{\"id\":36,\"title\":\"Folder-planet-1\",\"url\":\"http:\/\/denkpulver.org\/wp-content\/uploads\/2020\/06\/Folder-planet-1.png\",\"link\":\"https:\/\/denkpulver.org\/?attachment_id=36\",\"alt\":\"\",\"description\":\"\",\"caption\":\"\",\"mime\":\"image\/png\",\"type\":\"image\",\"width\":796,\"height\":1029,\"sizes\":{\"thumbnail\":{\"height\":150,\"width\":150,\"url\":\"http:\/\/denkpulver.org\/wp-content\/uploads\/2020\/06\/Folder-planet-1-150x150.png\",\"orientation\":\"landscape\"},\"medium\":{\"height\":300,\"width\":232,\"url\":\"http:\/\/denkpulver.org\/wp-content\/uploads\/2020\/06\/Folder-planet-1-232x300.png\",\"orientation\":\"portrait\"},\"large\":{\"height\":1024,\"width\":792,\"url\":\"http:\/\/denkpulver.org\/wp-content\/uploads\/2020\/06\/Folder-planet-1-792x1024.png\",\"orientation\":\"portrait\"},\"full\":{\"url\":\"http:\/\/denkpulver.org\/wp-content\/uploads\/2020\/06\/Folder-planet-1.png\",\"height\":1029,\"width\":796,\"orientation\":\"portrait\"}},\"imageMeta\":{\"aperture\":\"0\",\"credit\":\"\",\"camera\":\"\",\"caption\":\"\",\"created_timestamp\":\"0\",\"copyright\":\"\",\"focal_length\":\"0\",\"iso\":\"0\",\"shutter_speed\":\"0\",\"title\":\"\",\"orientation\":\"0\",\"keywords\":[]},\"meta\":false,\"postlink\":\"https:\/\/denkpulver.org\/?attachment_id=36\"}],\"itemsMetaDataCollection\":[]}<\/script><script>(function(){if(window.PGC_SGB && window.PGC_SGB.searcher){window.PGC_SGB.searcher.initBlocks()}})()<\/script><\/div>\n\n\n<div class=\"wp-block-columns is-layout-flex wp-container-core-columns-is-layout-9d6595d7 wp-block-columns-is-layout-flex\">\n<div class=\"wp-block-column is-layout-flow wp-block-column-is-layout-flow\" style=\"flex-basis:100%\">\n<h2 class=\"wp-block-heading has-text-color\" style=\"color:#01356a;font-size:24px\"><br><br><strong><a href=\"http:\/\/denkpulver.org\/?page_id=29\">Kinderbuchillustration mit Fotografien<\/a><\/strong><\/h2>\n<\/div>\n<\/div>\n\n\n\n<p class=\"has-text-color\" style=\"color:#01356a\"><strong>Gibt es Kinderb\u00fccher, die mit Fotografien bebildert sind? Meine Suche nach fotografisch illustrierten Kinderb\u00fcchern blieb ergebnislos: au\u00dfer dem betagten Esel Benjamin und Pondus, dem ebenso alten Pinguin \u2013 nichts. Fotos gibt es praktisch nur im Sachbuchbereich. <\/strong><br><strong>Warum ist das so? <\/strong><\/p>\n\n\n\n<h3 class=\"wp-block-heading has-text-color\" style=\"color:#01356a;font-size:24px\"><br><strong><a href=\"https:\/\/denkpulver.org\/?page_id=29\" data-type=\"page\" data-id=\"29\">Hier mein Versuch einer Antwort.<\/a><\/strong><\/h3>\n\n\n\n<div class=\"wp-block-columns is-layout-flex wp-container-core-columns-is-layout-9d6595d7 wp-block-columns-is-layout-flex\">\n<div class=\"wp-block-column is-layout-flow wp-block-column-is-layout-flow\" style=\"flex-basis:100%\">\n<h3 class=\"wp-block-heading has-text-align-left has-text-color\" style=\"color:#d63e04fc;font-size:24px\"><br><a href=\"http:\/\/denkpulver.org\/wp-content\/uploads\/2020\/09\/Gewoertel-komplett.pdf\" target=\"_blank\" rel=\"noreferrer noopener\"><\/a><br><img loading=\"lazy\" decoding=\"async\" width=\"86\" height=\"86\" class=\"wp-image-341\" style=\"width: 86px;\" src=\"http:\/\/denkpulver.org\/wp-content\/uploads\/2020\/10\/Giraffe.png\" alt=\"\" srcset=\"https:\/\/denkpulver.org\/wp-content\/uploads\/2020\/10\/Giraffe.png 560w, https:\/\/denkpulver.org\/wp-content\/uploads\/2020\/10\/Giraffe-200x200.png 200w, https:\/\/denkpulver.org\/wp-content\/uploads\/2020\/10\/Giraffe-150x150.png 150w\" sizes=\"auto, (max-width: 86px) 100vw, 86px\" \/>  <a href=\"http:\/\/denkpulver.org\/wp-content\/uploads\/2020\/09\/Gewoertel-komplett.pdf\" target=\"_blank\" rel=\"noreferrer noopener\"><strong>\u00dcberraschung:<\/strong>  <strong>es gibt sie doch<\/strong>!<\/a><br> <br><\/h3>\n<\/div>\n<\/div>\n","protected":false},"excerpt":{"rendered":"<p>Zweierlei kreist in meinem Kopf Gestaltung f\u00fcr Gedrucktes und f\u00fcrs Internet Logos, Plakate, Brosch\u00fcren, Flyer Kinderbuchillustration mit Fotografien Gibt es Kinderb\u00fccher, die mit Fotografien bebildert sind? Meine Suche nach fotografisch illustrierten Kinderb\u00fcchern blieb ergebnislos: au\u00dfer dem betagten Esel Benjamin und Pondus, dem ebenso alten Pinguin \u2013 nichts. Fotos gibt es praktisch nur im Sachbuchbereich. Warum [&hellip;]<\/p>\n","protected":false},"author":1,"featured_media":0,"parent":0,"menu_order":0,"comment_status":"closed","ping_status":"closed","template":"","meta":{"pgc_sgb_lightbox_settings":"","footnotes":""},"class_list":["post-14","page","type-page","status-publish","hentry"],"jetpack_sharing_enabled":true,"_links":{"self":[{"href":"https:\/\/denkpulver.org\/index.php?rest_route=\/wp\/v2\/pages\/14","targetHints":{"allow":["GET"]}}],"collection":[{"href":"https:\/\/denkpulver.org\/index.php?rest_route=\/wp\/v2\/pages"}],"about":[{"href":"https:\/\/denkpulver.org\/index.php?rest_route=\/wp\/v2\/types\/page"}],"author":[{"embeddable":true,"href":"https:\/\/denkpulver.org\/index.php?rest_route=\/wp\/v2\/users\/1"}],"replies":[{"embeddable":true,"href":"https:\/\/denkpulver.org\/index.php?rest_route=%2Fwp%2Fv2%2Fcomments&post=14"}],"version-history":[{"count":72,"href":"https:\/\/denkpulver.org\/index.php?rest_route=\/wp\/v2\/pages\/14\/revisions"}],"predecessor-version":[{"id":576,"href":"https:\/\/denkpulver.org\/index.php?rest_route=\/wp\/v2\/pages\/14\/revisions\/576"}],"wp:attachment":[{"href":"https:\/\/denkpulver.org\/index.php?rest_route=%2Fwp%2Fv2%2Fmedia&parent=14"}],"curies":[{"name":"wp","href":"https:\/\/api.w.org\/{rel}","templated":true}]}}