{"id":29,"date":"2020-06-11T14:57:39","date_gmt":"2020-06-11T14:57:39","guid":{"rendered":"http:\/\/denkpulver.org\/?page_id=29"},"modified":"2025-01-26T12:49:06","modified_gmt":"2025-01-26T12:49:06","slug":"kinderbuch","status":"publish","type":"page","link":"https:\/\/denkpulver.org\/?page_id=29","title":{"rendered":"Kinderbuch"},"content":{"rendered":"\n<p class=\"has-text-color\" style=\"color:#002052\"><strong>Obwohl die Fotografie durch Smartphones und Internet einen Boom erlebt, finden sich nur sehr selten Kinderb\u00fccher, die mit Fotos illustriert sind. Warum ist das so?<\/strong> <br><\/p>\n\n\n\n<h4 class=\"wp-block-heading has-text-color\" style=\"color:#c06311\">Begriffsunsch\u00e4rfe<\/h4>\n\n\n\n<p class=\"has-text-color\" style=\"color:#002052\">Das Wort Illustration tr\u00e4gt zwei verschiedene Bedeutungen: In der Entstehungszeit des Wortes waren Illustrationen Bilder, die in B\u00fccher gemalt wurden. Deshalb beschreibt das Wort heute die Technik, mit der ein Bild entstanden ist; mit Stift, Pinsel, Airbrush, Schere und Klebstoff, und auch mit Software. Ein Foto kann dazu als Ausgangsmaterial dienen, wird aber unbearbeitet nicht als <strong>Illustration<\/strong> bezeichnet.<\/p>\n\n\n\n<p class=\"has-text-color\" style=\"color:#002052\">Und man beschreibt mit dem Wort die Funktion einer Abbildung in einem Text: Einer Zielgruppe soll eine Botschaft in einem bestimmten Kontext vermittelt werden. Es besteht also ein objektiver Bedarf, eine bestimmte Aufgabe zu erf\u00fcllen\u2026 (Alan Male in \u201eIllustration\u201c 2007).<br>Es gibt keinen Grund zur Annahme, dass Fotografiertes dieser Aufgabe generell nicht gewachsen ist, auch nicht f\u00fcr die Zielgruppe der Leseanf\u00e4nger oder Noch-Nicht-Leser. Jedoch hat fotografisch festgehaltene Realit\u00e4t in diesem Zusammenhang ein gespaltenes Image.<\/p>\n\n\n\n<p class=\"has-text-color\" style=\"color:#c06311\"><\/p>\n\n\n\n<div style=\"height:36px\" aria-hidden=\"true\" class=\"wp-block-spacer\"><\/div>\n\n\n\n<p><strong><a href=\"https:\/\/denkpulver.org\/?page_id=118\" data-type=\"page\" data-id=\"118\">M\u00f6chten Sie mehr von der Katze sehen?<\/a><\/strong><\/p>\n\n\n\n<figure class=\"wp-block-image size-large\"><a href=\"https:\/\/denkpulver.org\/?page_id=118\"><img loading=\"lazy\" decoding=\"async\" width=\"850\" height=\"523\" src=\"http:\/\/denkpulver.org\/wp-content\/uploads\/2020\/06\/Nicht-da.jpg\" alt=\"\" class=\"wp-image-54\" srcset=\"https:\/\/denkpulver.org\/wp-content\/uploads\/2020\/06\/Nicht-da.jpg 850w, https:\/\/denkpulver.org\/wp-content\/uploads\/2020\/06\/Nicht-da-300x185.jpg 300w, https:\/\/denkpulver.org\/wp-content\/uploads\/2020\/06\/Nicht-da-768x473.jpg 768w, https:\/\/denkpulver.org\/wp-content\/uploads\/2020\/06\/Nicht-da-671x413.jpg 671w\" sizes=\"auto, (max-width: 850px) 100vw, 850px\" \/><\/a><figcaption class=\"wp-element-caption\">Abends, wenn es dunkel wird,<br>sitzt die Katze, die schwarze Katze, <br>und sitzt, und schaut.<\/figcaption><\/figure>\n\n\n\n<div style=\"height:74px\" aria-hidden=\"true\" class=\"wp-block-spacer\"><\/div>\n\n\n\n<figure class=\"wp-block-image size-large\"><img loading=\"lazy\" decoding=\"async\" width=\"850\" height=\"532\" src=\"https:\/\/denkpulver.org\/wp-content\/uploads\/2020\/06\/Gewoertel2.jpg\" alt=\"\" class=\"wp-image-51\" srcset=\"https:\/\/denkpulver.org\/wp-content\/uploads\/2020\/06\/Gewoertel2.jpg 850w, https:\/\/denkpulver.org\/wp-content\/uploads\/2020\/06\/Gewoertel2-300x188.jpg 300w, https:\/\/denkpulver.org\/wp-content\/uploads\/2020\/06\/Gewoertel2-768x481.jpg 768w, https:\/\/denkpulver.org\/wp-content\/uploads\/2020\/06\/Gewoertel2-671x420.jpg 671w\" sizes=\"auto, (max-width: 850px) 100vw, 850px\" \/><\/figure>\n","protected":false},"excerpt":{"rendered":"<p>Obwohl die Fotografie durch Smartphones und Internet einen Boom erlebt, finden sich nur sehr selten Kinderb\u00fccher, die mit Fotos illustriert sind. Warum ist das so? Begriffsunsch\u00e4rfe Das Wort Illustration tr\u00e4gt zwei verschiedene Bedeutungen: In der Entstehungszeit des Wortes waren Illustrationen Bilder, die in B\u00fccher gemalt wurden. Deshalb beschreibt das Wort heute die Technik, mit der [&hellip;]<\/p>\n","protected":false},"author":1,"featured_media":0,"parent":14,"menu_order":0,"comment_status":"closed","ping_status":"closed","template":"","meta":{"pgc_sgb_lightbox_settings":"","footnotes":""},"class_list":["post-29","page","type-page","status-publish","hentry"],"jetpack_sharing_enabled":true,"_links":{"self":[{"href":"https:\/\/denkpulver.org\/index.php?rest_route=\/wp\/v2\/pages\/29","targetHints":{"allow":["GET"]}}],"collection":[{"href":"https:\/\/denkpulver.org\/index.php?rest_route=\/wp\/v2\/pages"}],"about":[{"href":"https:\/\/denkpulver.org\/index.php?rest_route=\/wp\/v2\/types\/page"}],"author":[{"embeddable":true,"href":"https:\/\/denkpulver.org\/index.php?rest_route=\/wp\/v2\/users\/1"}],"replies":[{"embeddable":true,"href":"https:\/\/denkpulver.org\/index.php?rest_route=%2Fwp%2Fv2%2Fcomments&post=29"}],"version-history":[{"count":23,"href":"https:\/\/denkpulver.org\/index.php?rest_route=\/wp\/v2\/pages\/29\/revisions"}],"predecessor-version":[{"id":580,"href":"https:\/\/denkpulver.org\/index.php?rest_route=\/wp\/v2\/pages\/29\/revisions\/580"}],"up":[{"embeddable":true,"href":"https:\/\/denkpulver.org\/index.php?rest_route=\/wp\/v2\/pages\/14"}],"wp:attachment":[{"href":"https:\/\/denkpulver.org\/index.php?rest_route=%2Fwp%2Fv2%2Fmedia&parent=29"}],"curies":[{"name":"wp","href":"https:\/\/api.w.org\/{rel}","templated":true}]}}